{"id":1740,"date":"2026-02-10T16:59:36","date_gmt":"2026-02-10T16:59:36","guid":{"rendered":"https:\/\/elcharrito.bcardmexico.com\/?post_type=product&#038;p=1740"},"modified":"2026-02-10T16:59:37","modified_gmt":"2026-02-10T16:59:37","slug":"cerveza-importada-michelob-ultra-6-botellas-de-355-ml-c-u","status":"publish","type":"product","link":"https:\/\/elcharrito.bcardmexico.com\/index.php\/product\/cerveza-importada-michelob-ultra-6-botellas-de-355-ml-c-u\/","title":{"rendered":"Cerveza importada Michelob Ultra 6 botellas de 355 ml c\/u"},"content":{"rendered":"<div class=\"expand-collapse-header flex justify-between items-center w-100\">\n<h2 class=\"w-100 ma0 lh-copy normal pa3 f5 undefined\">Especificaciones<\/h2>\n<div class=\"pr3\"><\/div>\n<\/div>\n<div class=\"w_zz0G expand-collapse-content\" data-testid=\"ui-collapse-panel\">\n<div class=\"ph3 pb4 pt1\">\n<div class=\"nt1\">\n<div class=\"pb2\">\n<h3 class=\"flex items-center mv0 lh-copy f5 pb1 dark-gray\">Sin alcohol<\/h3>\n<div class=\"mv0 lh-copy mid-gray f6\">No<\/div>\n<\/div>\n<div class=\"pb2\">\n<h3 class=\"flex items-center mv0 lh-copy f5 pb1 dark-gray\">Artesanal<\/h3>\n<div class=\"mv0 lh-copy mid-gray f6\">No<\/div>\n<\/div>\n<div class=\"pb2\">\n<h3 class=\"flex items-center mv0 lh-copy f5 pb1 dark-gray\">Contenido del Empaque<\/h3>\n<div class=\"mv0 lh-copy mid-gray f6\">6 Botellas de 355 ml c\/u<\/div>\n<\/div>\n<div class=\"\">\n<h3 class=\"flex items-center mv0 lh-copy f5 pb1 dark-gray\">Tipo<\/h3>\n<div class=\"mv0 lh-copy mid-gray f6\">Clara<\/div>\n<\/div>\n<\/div>\n<\/div>\n<\/div>\n","protected":false},"excerpt":{"rendered":"<div>Cerveza Michelob Ultra en presentaci\u00f3n botella 6 pack de 355ml, una cerveza dise\u00f1ada para aquellas personas energ\u00e9ticas, interesadas en cuidarse y hacer ejercicio, sin dejar de lado una vida social activa y de poder disfrutar de una buena cerveza sin remordimientos. Importada de Estados Unidos y creada en el a\u00f1o 2002, Michelob Ultra baja en calor\u00edas y carbohidratos, de tipo lager y estilo American Low Cal. De color dorado claro, un sabor muy suave y refrescante, con detalles sutiles a c\u00edtricos. Te recomendamos acompa\u00f1arla con pesados o pollo a la parrilla. Tiene 4.2% de nivel de alcohol y solo 95 calor\u00edas.<\/div>\n<div>Disfruta el servicio a domicilio que Walmart en l\u00ednea tiene disponible para ti, encuentra una gran variedad de marcas de cerveza, tipos de cerveza y rec\u00edbelos en la comodidad de tu casa. En Walmart, siempre encuentras todo y pagas menos.<\/div>\n","protected":false},"featured_media":1741,"comment_status":"open","ping_status":"closed","template":"","meta":[],"etheme_brands":[{"term_id":56,"name":"Michelob","slug":"michelob","term_group":0,"term_taxonomy_id":56,"taxonomy":"brand","description":"","parent":0,"count":1,"filter":"raw"}],"product_brand":[],"product_cat":[52],"product_tag":[],"class_list":{"0":"post-1740","1":"product","2":"type-product","3":"status-publish","4":"has-post-thumbnail","6":"brand-michelob","7":"product_cat-ceveza","9":"first","10":"instock","11":"sale","12":"shipping-taxable","13":"purchasable","14":"product-type-simple"},"yoast_head":"<!-- This site is optimized with the Yoast SEO Premium plugin v23.4 (Yoast SEO v23.4) - https:\/\/yoast.com\/wordpress\/plugins\/seo\/ -->\n<title>Cerveza importada Michelob Ultra 6 botellas de 355 ml c\/u - El charrito<\/title>\n<meta name=\"robots\" content=\"index, follow, max-snippet:-1, max-image-preview:large, max-video-preview:-1\" \/>\n<link rel=\"canonical\" href=\"https:\/\/elcharrito.bcardmexico.com\/index.php\/product\/cerveza-importada-michelob-ultra-6-botellas-de-355-ml-c-u\/\" \/>\n<meta property=\"og:locale\" content=\"es_MX\" \/>\n<meta property=\"og:type\" content=\"article\" \/>\n<meta property=\"og:title\" content=\"Cerveza importada Michelob Ultra 6 botellas de 355 ml c\/u\" \/>\n<meta property=\"og:description\" content=\"Cerveza Michelob Ultra en presentaci\u00f3n botella 6 pack de 355ml, una cerveza dise\u00f1ada para aquellas personas energ\u00e9ticas, interesadas en cuidarse y hacer ejercicio, sin dejar de lado una vida social activa y de poder disfrutar de una buena cerveza sin remordimientos. Importada de Estados Unidos y creada en el a\u00f1o 2002, Michelob Ultra baja en calor\u00edas y carbohidratos, de tipo lager y estilo American Low Cal. De color dorado claro, un sabor muy suave y refrescante, con detalles sutiles a c\u00edtricos. Te recomendamos acompa\u00f1arla con pesados o pollo a la parrilla. Tiene 4.2% de nivel de alcohol y solo 95 calor\u00edas. Disfruta el servicio a domicilio que Walmart en l\u00ednea tiene disponible para ti, encuentra una gran variedad de marcas de cerveza, tipos de cerveza y rec\u00edbelos en la comodidad de tu casa. En Walmart, siempre encuentras todo y pagas menos.\" \/>\n<meta property=\"og:url\" content=\"https:\/\/elcharrito.bcardmexico.com\/index.php\/product\/cerveza-importada-michelob-ultra-6-botellas-de-355-ml-c-u\/\" \/>\n<meta property=\"og:site_name\" content=\"El charrito\" \/>\n<meta property=\"article:modified_time\" content=\"2026-02-10T16:59:37+00:00\" \/>\n<meta property=\"og:image\" content=\"https:\/\/elcharrito.bcardmexico.com\/wp-content\/uploads\/2026\/02\/cerveza-six-ultra.jpg\" \/>\n\t<meta property=\"og:image:width\" content=\"1080\" \/>\n\t<meta property=\"og:image:height\" content=\"1080\" \/>\n\t<meta property=\"og:image:type\" content=\"image\/jpeg\" \/>\n<meta name=\"twitter:card\" content=\"summary_large_image\" \/>\n<meta name=\"twitter:label1\" content=\"Tiempo de lectura\" \/>\n\t<meta name=\"twitter:data1\" content=\"1 minuto\" \/>\n<script type=\"application\/ld+json\" class=\"yoast-schema-graph\">{\"@context\":\"https:\/\/schema.org\",\"@graph\":[{\"@type\":\"WebPage\",\"@id\":\"https:\/\/elcharrito.bcardmexico.com\/index.php\/product\/cerveza-importada-michelob-ultra-6-botellas-de-355-ml-c-u\/\",\"url\":\"https:\/\/elcharrito.bcardmexico.com\/index.php\/product\/cerveza-importada-michelob-ultra-6-botellas-de-355-ml-c-u\/\",\"name\":\"Cerveza importada Michelob Ultra 6 botellas de 355 ml c\/u - El charrito\",\"isPartOf\":{\"@id\":\"https:\/\/elcharrito.bcardmexico.com\/#website\"},\"primaryImageOfPage\":{\"@id\":\"https:\/\/elcharrito.bcardmexico.com\/index.php\/product\/cerveza-importada-michelob-ultra-6-botellas-de-355-ml-c-u\/#primaryimage\"},\"image\":{\"@id\":\"https:\/\/elcharrito.bcardmexico.com\/index.php\/product\/cerveza-importada-michelob-ultra-6-botellas-de-355-ml-c-u\/#primaryimage\"},\"thumbnailUrl\":\"https:\/\/elcharrito.bcardmexico.com\/wp-content\/uploads\/2026\/02\/cerveza-six-ultra.jpg\",\"datePublished\":\"2026-02-10T16:59:36+00:00\",\"dateModified\":\"2026-02-10T16:59:37+00:00\",\"breadcrumb\":{\"@id\":\"https:\/\/elcharrito.bcardmexico.com\/index.php\/product\/cerveza-importada-michelob-ultra-6-botellas-de-355-ml-c-u\/#breadcrumb\"},\"inLanguage\":\"es\",\"potentialAction\":[{\"@type\":\"ReadAction\",\"target\":[\"https:\/\/elcharrito.bcardmexico.com\/index.php\/product\/cerveza-importada-michelob-ultra-6-botellas-de-355-ml-c-u\/\"]}]},{\"@type\":\"ImageObject\",\"inLanguage\":\"es\",\"@id\":\"https:\/\/elcharrito.bcardmexico.com\/index.php\/product\/cerveza-importada-michelob-ultra-6-botellas-de-355-ml-c-u\/#primaryimage\",\"url\":\"https:\/\/elcharrito.bcardmexico.com\/wp-content\/uploads\/2026\/02\/cerveza-six-ultra.jpg\",\"contentUrl\":\"https:\/\/elcharrito.bcardmexico.com\/wp-content\/uploads\/2026\/02\/cerveza-six-ultra.jpg\",\"width\":1080,\"height\":1080},{\"@type\":\"BreadcrumbList\",\"@id\":\"https:\/\/elcharrito.bcardmexico.com\/index.php\/product\/cerveza-importada-michelob-ultra-6-botellas-de-355-ml-c-u\/#breadcrumb\",\"itemListElement\":[{\"@type\":\"ListItem\",\"position\":1,\"name\":\"Inicio\",\"item\":\"https:\/\/elcharrito.bcardmexico.com\/\"},{\"@type\":\"ListItem\",\"position\":2,\"name\":\"Tienda\",\"item\":\"https:\/\/elcharrito.bcardmexico.com\/index.php\/shop\/\"},{\"@type\":\"ListItem\",\"position\":3,\"name\":\"Cerveza importada Michelob Ultra 6 botellas de 355 ml c\/u\"}]},{\"@type\":\"WebSite\",\"@id\":\"https:\/\/elcharrito.bcardmexico.com\/#website\",\"url\":\"https:\/\/elcharrito.bcardmexico.com\/\",\"name\":\"El Charrito\",\"description\":\"Cerca de ti\",\"publisher\":{\"@id\":\"https:\/\/elcharrito.bcardmexico.com\/#organization\"},\"alternateName\":\"El charrito\",\"potentialAction\":[{\"@type\":\"SearchAction\",\"target\":{\"@type\":\"EntryPoint\",\"urlTemplate\":\"https:\/\/elcharrito.bcardmexico.com\/?s={search_term_string}\"},\"query-input\":{\"@type\":\"PropertyValueSpecification\",\"valueRequired\":true,\"valueName\":\"search_term_string\"}}],\"inLanguage\":\"es\"},{\"@type\":\"Organization\",\"@id\":\"https:\/\/elcharrito.bcardmexico.com\/#organization\",\"name\":\"El Charrito\",\"url\":\"https:\/\/elcharrito.bcardmexico.com\/\",\"logo\":{\"@type\":\"ImageObject\",\"inLanguage\":\"es\",\"@id\":\"https:\/\/elcharrito.bcardmexico.com\/#\/schema\/logo\/image\/\",\"url\":\"https:\/\/elcharrito.bcardmexico.com\/wp-content\/uploads\/2022\/06\/Logo-cars-2x.png\",\"contentUrl\":\"https:\/\/elcharrito.bcardmexico.com\/wp-content\/uploads\/2022\/06\/Logo-cars-2x.png\",\"width\":355,\"height\":130,\"caption\":\"El Charrito\"},\"image\":{\"@id\":\"https:\/\/elcharrito.bcardmexico.com\/#\/schema\/logo\/image\/\"}}]}<\/script>\n<!-- \/ Yoast SEO Premium plugin. -->","yoast_head_json":{"title":"Cerveza importada Michelob Ultra 6 botellas de 355 ml c\/u - El charrito","robots":{"index":"index","follow":"follow","max-snippet":"max-snippet:-1","max-image-preview":"max-image-preview:large","max-video-preview":"max-video-preview:-1"},"canonical":"https:\/\/elcharrito.bcardmexico.com\/index.php\/product\/cerveza-importada-michelob-ultra-6-botellas-de-355-ml-c-u\/","og_locale":"es_MX","og_type":"article","og_title":"Cerveza importada Michelob Ultra 6 botellas de 355 ml c\/u","og_description":"Cerveza Michelob Ultra en presentaci\u00f3n botella 6 pack de 355ml, una cerveza dise\u00f1ada para aquellas personas energ\u00e9ticas, interesadas en cuidarse y hacer ejercicio, sin dejar de lado una vida social activa y de poder disfrutar de una buena cerveza sin remordimientos. Importada de Estados Unidos y creada en el a\u00f1o 2002, Michelob Ultra baja en calor\u00edas y carbohidratos, de tipo lager y estilo American Low Cal. De color dorado claro, un sabor muy suave y refrescante, con detalles sutiles a c\u00edtricos. Te recomendamos acompa\u00f1arla con pesados o pollo a la parrilla. Tiene 4.2% de nivel de alcohol y solo 95 calor\u00edas. Disfruta el servicio a domicilio que Walmart en l\u00ednea tiene disponible para ti, encuentra una gran variedad de marcas de cerveza, tipos de cerveza y rec\u00edbelos en la comodidad de tu casa. En Walmart, siempre encuentras todo y pagas menos.","og_url":"https:\/\/elcharrito.bcardmexico.com\/index.php\/product\/cerveza-importada-michelob-ultra-6-botellas-de-355-ml-c-u\/","og_site_name":"El charrito","article_modified_time":"2026-02-10T16:59:37+00:00","og_image":[{"width":1080,"height":1080,"url":"https:\/\/elcharrito.bcardmexico.com\/wp-content\/uploads\/2026\/02\/cerveza-six-ultra.jpg","type":"image\/jpeg"}],"twitter_card":"summary_large_image","twitter_misc":{"Tiempo de lectura":"1 minuto"},"schema":{"@context":"https:\/\/schema.org","@graph":[{"@type":"WebPage","@id":"https:\/\/elcharrito.bcardmexico.com\/index.php\/product\/cerveza-importada-michelob-ultra-6-botellas-de-355-ml-c-u\/","url":"https:\/\/elcharrito.bcardmexico.com\/index.php\/product\/cerveza-importada-michelob-ultra-6-botellas-de-355-ml-c-u\/","name":"Cerveza importada Michelob Ultra 6 botellas de 355 ml c\/u - El charrito","isPartOf":{"@id":"https:\/\/elcharrito.bcardmexico.com\/#website"},"primaryImageOfPage":{"@id":"https:\/\/elcharrito.bcardmexico.com\/index.php\/product\/cerveza-importada-michelob-ultra-6-botellas-de-355-ml-c-u\/#primaryimage"},"image":{"@id":"https:\/\/elcharrito.bcardmexico.com\/index.php\/product\/cerveza-importada-michelob-ultra-6-botellas-de-355-ml-c-u\/#primaryimage"},"thumbnailUrl":"https:\/\/elcharrito.bcardmexico.com\/wp-content\/uploads\/2026\/02\/cerveza-six-ultra.jpg","datePublished":"2026-02-10T16:59:36+00:00","dateModified":"2026-02-10T16:59:37+00:00","breadcrumb":{"@id":"https:\/\/elcharrito.bcardmexico.com\/index.php\/product\/cerveza-importada-michelob-ultra-6-botellas-de-355-ml-c-u\/#breadcrumb"},"inLanguage":"es","potentialAction":[{"@type":"ReadAction","target":["https:\/\/elcharrito.bcardmexico.com\/index.php\/product\/cerveza-importada-michelob-ultra-6-botellas-de-355-ml-c-u\/"]}]},{"@type":"ImageObject","inLanguage":"es","@id":"https:\/\/elcharrito.bcardmexico.com\/index.php\/product\/cerveza-importada-michelob-ultra-6-botellas-de-355-ml-c-u\/#primaryimage","url":"https:\/\/elcharrito.bcardmexico.com\/wp-content\/uploads\/2026\/02\/cerveza-six-ultra.jpg","contentUrl":"https:\/\/elcharrito.bcardmexico.com\/wp-content\/uploads\/2026\/02\/cerveza-six-ultra.jpg","width":1080,"height":1080},{"@type":"BreadcrumbList","@id":"https:\/\/elcharrito.bcardmexico.com\/index.php\/product\/cerveza-importada-michelob-ultra-6-botellas-de-355-ml-c-u\/#breadcrumb","itemListElement":[{"@type":"ListItem","position":1,"name":"Inicio","item":"https:\/\/elcharrito.bcardmexico.com\/"},{"@type":"ListItem","position":2,"name":"Tienda","item":"https:\/\/elcharrito.bcardmexico.com\/index.php\/shop\/"},{"@type":"ListItem","position":3,"name":"Cerveza importada Michelob Ultra 6 botellas de 355 ml c\/u"}]},{"@type":"WebSite","@id":"https:\/\/elcharrito.bcardmexico.com\/#website","url":"https:\/\/elcharrito.bcardmexico.com\/","name":"El Charrito","description":"Cerca de ti","publisher":{"@id":"https:\/\/elcharrito.bcardmexico.com\/#organization"},"alternateName":"El charrito","potentialAction":[{"@type":"SearchAction","target":{"@type":"EntryPoint","urlTemplate":"https:\/\/elcharrito.bcardmexico.com\/?s={search_term_string}"},"query-input":{"@type":"PropertyValueSpecification","valueRequired":true,"valueName":"search_term_string"}}],"inLanguage":"es"},{"@type":"Organization","@id":"https:\/\/elcharrito.bcardmexico.com\/#organization","name":"El Charrito","url":"https:\/\/elcharrito.bcardmexico.com\/","logo":{"@type":"ImageObject","inLanguage":"es","@id":"https:\/\/elcharrito.bcardmexico.com\/#\/schema\/logo\/image\/","url":"https:\/\/elcharrito.bcardmexico.com\/wp-content\/uploads\/2022\/06\/Logo-cars-2x.png","contentUrl":"https:\/\/elcharrito.bcardmexico.com\/wp-content\/uploads\/2022\/06\/Logo-cars-2x.png","width":355,"height":130,"caption":"El Charrito"},"image":{"@id":"https:\/\/elcharrito.bcardmexico.com\/#\/schema\/logo\/image\/"}}]}},"_links":{"self":[{"href":"https:\/\/elcharrito.bcardmexico.com\/index.php\/wp-json\/wp\/v2\/product\/1740","targetHints":{"allow":["GET"]}}],"collection":[{"href":"https:\/\/elcharrito.bcardmexico.com\/index.php\/wp-json\/wp\/v2\/product"}],"about":[{"href":"https:\/\/elcharrito.bcardmexico.com\/index.php\/wp-json\/wp\/v2\/types\/product"}],"replies":[{"embeddable":true,"href":"https:\/\/elcharrito.bcardmexico.com\/index.php\/wp-json\/wp\/v2\/comments?post=1740"}],"version-history":[{"count":1,"href":"https:\/\/elcharrito.bcardmexico.com\/index.php\/wp-json\/wp\/v2\/product\/1740\/revisions"}],"predecessor-version":[{"id":1742,"href":"https:\/\/elcharrito.bcardmexico.com\/index.php\/wp-json\/wp\/v2\/product\/1740\/revisions\/1742"}],"wp:featuredmedia":[{"embeddable":true,"href":"https:\/\/elcharrito.bcardmexico.com\/index.php\/wp-json\/wp\/v2\/media\/1741"}],"wp:attachment":[{"href":"https:\/\/elcharrito.bcardmexico.com\/index.php\/wp-json\/wp\/v2\/media?parent=1740"}],"wp:term":[{"taxonomy":"brand","embeddable":true,"href":"https:\/\/elcharrito.bcardmexico.com\/index.php\/wp-json\/wp\/v2\/etheme_brands?post=1740"},{"taxonomy":"product_brand","embeddable":true,"href":"https:\/\/elcharrito.bcardmexico.com\/index.php\/wp-json\/wp\/v2\/product_brand?post=1740"},{"taxonomy":"product_cat","embeddable":true,"href":"https:\/\/elcharrito.bcardmexico.com\/index.php\/wp-json\/wp\/v2\/product_cat?post=1740"},{"taxonomy":"product_tag","embeddable":true,"href":"https:\/\/elcharrito.bcardmexico.com\/index.php\/wp-json\/wp\/v2\/product_tag?post=1740"}],"curies":[{"name":"wp","href":"https:\/\/api.w.org\/{rel}","templated":true}]}}