{"id":1737,"date":"2026-02-10T16:57:48","date_gmt":"2026-02-10T16:57:48","guid":{"rendered":"https:\/\/elcharrito.bcardmexico.com\/?post_type=product&#038;p=1737"},"modified":"2026-02-10T16:57:49","modified_gmt":"2026-02-10T16:57:49","slug":"cerveza-clara-corona-mega-botella-1-20-l","status":"publish","type":"product","link":"https:\/\/elcharrito.bcardmexico.com\/index.php\/product\/cerveza-clara-corona-mega-botella-1-20-l\/","title":{"rendered":"Cerveza Clara Corona Mega Botella 1.20 L"},"content":{"rendered":"<p><span class=\"chedrauimx-frontend-applications-5-x-titleDescription\">Caracter\u00edsticas Importantes<\/span><\/p>\n<ul class=\"chedrauimx-frontend-applications-5-x-descriptionList\">\n<li class=\"chedrauimx-frontend-applications-5-x-listElement\">Maridaje: Mariscos<\/li>\n<li class=\"chedrauimx-frontend-applications-5-x-listElement\">Vista: Amarillo a dorado claro<\/li>\n<li class=\"chedrauimx-frontend-applications-5-x-listElement\">Sabor: Ligero a cereales y frutas<\/li>\n<li class=\"chedrauimx-frontend-applications-5-x-listElement\">Olor: A notas ligeras de frutas<\/li>\n<\/ul>\n","protected":false},"excerpt":{"rendered":"<p>Corona Extra es la cerveza mexicana con mayor venta en el mundo. Considerada una de las marcas m\u00e1s valiosas del planeta Corona Extra se enfoca en dar una sensaci\u00f3n de frescura y relajaci\u00f3n a sus consumidores.<\/p>\n<div>\n<b>*La venta de bebidas alcoh\u00f3licas es \u00fanicamente para mayores de edad, se deber\u00e1 presentar identificaci\u00f3n oficial vigente (INE, pasaporte o licencia).<\/b><\/p>\n<p><b>Las im\u00e1genes son \u00fanicamente de referencia, los dise\u00f1os de etiquetas y contenido del producto pueden cambiar sin previo aviso (ml, L, Kg, g, piezas, etc).<\/b><\/div>\n","protected":false},"featured_media":1738,"comment_status":"open","ping_status":"closed","template":"","meta":[],"etheme_brands":[{"term_id":55,"name":"Corona","slug":"corona","term_group":0,"term_taxonomy_id":55,"taxonomy":"brand","description":"","parent":0,"count":1,"filter":"raw"}],"product_brand":[],"product_cat":[52],"product_tag":[],"class_list":{"0":"post-1737","1":"product","2":"type-product","3":"status-publish","4":"has-post-thumbnail","6":"brand-corona","7":"product_cat-ceveza","9":"first","10":"instock","11":"sale","12":"shipping-taxable","13":"purchasable","14":"product-type-simple"},"yoast_head":"<!-- This site is optimized with the Yoast SEO Premium plugin v23.4 (Yoast SEO v23.4) - https:\/\/yoast.com\/wordpress\/plugins\/seo\/ -->\n<title>Cerveza Clara Corona Mega Botella 1.20 L - El charrito<\/title>\n<meta name=\"robots\" content=\"index, follow, max-snippet:-1, max-image-preview:large, max-video-preview:-1\" \/>\n<link rel=\"canonical\" href=\"https:\/\/elcharrito.bcardmexico.com\/index.php\/product\/cerveza-clara-corona-mega-botella-1-20-l\/\" \/>\n<meta property=\"og:locale\" content=\"es_MX\" \/>\n<meta property=\"og:type\" content=\"article\" \/>\n<meta property=\"og:title\" content=\"Cerveza Clara Corona Mega Botella 1.20 L\" \/>\n<meta property=\"og:description\" content=\"Corona Extra es la cerveza mexicana con mayor venta en el mundo. Considerada una de las marcas m\u00e1s valiosas del planeta Corona Extra se enfoca en dar una sensaci\u00f3n de frescura y relajaci\u00f3n a sus consumidores.  *La venta de bebidas alcoh\u00f3licas es \u00fanicamente para mayores de edad, se deber\u00e1 presentar identificaci\u00f3n oficial vigente (INE, pasaporte o licencia).  Las im\u00e1genes son \u00fanicamente de referencia, los dise\u00f1os de etiquetas y contenido del producto pueden cambiar sin previo aviso (ml, L, Kg, g, piezas, etc).\" \/>\n<meta property=\"og:url\" content=\"https:\/\/elcharrito.bcardmexico.com\/index.php\/product\/cerveza-clara-corona-mega-botella-1-20-l\/\" \/>\n<meta property=\"og:site_name\" content=\"El charrito\" \/>\n<meta property=\"article:modified_time\" content=\"2026-02-10T16:57:49+00:00\" \/>\n<meta property=\"og:image\" content=\"https:\/\/elcharrito.bcardmexico.com\/wp-content\/uploads\/2026\/02\/corona-mega.jpg\" \/>\n\t<meta property=\"og:image:width\" content=\"1080\" \/>\n\t<meta property=\"og:image:height\" content=\"1080\" \/>\n\t<meta property=\"og:image:type\" content=\"image\/jpeg\" \/>\n<meta name=\"twitter:card\" content=\"summary_large_image\" \/>\n<meta name=\"twitter:label1\" content=\"Tiempo de lectura\" \/>\n\t<meta name=\"twitter:data1\" content=\"1 minuto\" \/>\n<script type=\"application\/ld+json\" class=\"yoast-schema-graph\">{\"@context\":\"https:\/\/schema.org\",\"@graph\":[{\"@type\":\"WebPage\",\"@id\":\"https:\/\/elcharrito.bcardmexico.com\/index.php\/product\/cerveza-clara-corona-mega-botella-1-20-l\/\",\"url\":\"https:\/\/elcharrito.bcardmexico.com\/index.php\/product\/cerveza-clara-corona-mega-botella-1-20-l\/\",\"name\":\"Cerveza Clara Corona Mega Botella 1.20 L - El charrito\",\"isPartOf\":{\"@id\":\"https:\/\/elcharrito.bcardmexico.com\/#website\"},\"primaryImageOfPage\":{\"@id\":\"https:\/\/elcharrito.bcardmexico.com\/index.php\/product\/cerveza-clara-corona-mega-botella-1-20-l\/#primaryimage\"},\"image\":{\"@id\":\"https:\/\/elcharrito.bcardmexico.com\/index.php\/product\/cerveza-clara-corona-mega-botella-1-20-l\/#primaryimage\"},\"thumbnailUrl\":\"https:\/\/elcharrito.bcardmexico.com\/wp-content\/uploads\/2026\/02\/corona-mega.jpg\",\"datePublished\":\"2026-02-10T16:57:48+00:00\",\"dateModified\":\"2026-02-10T16:57:49+00:00\",\"breadcrumb\":{\"@id\":\"https:\/\/elcharrito.bcardmexico.com\/index.php\/product\/cerveza-clara-corona-mega-botella-1-20-l\/#breadcrumb\"},\"inLanguage\":\"es\",\"potentialAction\":[{\"@type\":\"ReadAction\",\"target\":[\"https:\/\/elcharrito.bcardmexico.com\/index.php\/product\/cerveza-clara-corona-mega-botella-1-20-l\/\"]}]},{\"@type\":\"ImageObject\",\"inLanguage\":\"es\",\"@id\":\"https:\/\/elcharrito.bcardmexico.com\/index.php\/product\/cerveza-clara-corona-mega-botella-1-20-l\/#primaryimage\",\"url\":\"https:\/\/elcharrito.bcardmexico.com\/wp-content\/uploads\/2026\/02\/corona-mega.jpg\",\"contentUrl\":\"https:\/\/elcharrito.bcardmexico.com\/wp-content\/uploads\/2026\/02\/corona-mega.jpg\",\"width\":1080,\"height\":1080},{\"@type\":\"BreadcrumbList\",\"@id\":\"https:\/\/elcharrito.bcardmexico.com\/index.php\/product\/cerveza-clara-corona-mega-botella-1-20-l\/#breadcrumb\",\"itemListElement\":[{\"@type\":\"ListItem\",\"position\":1,\"name\":\"Inicio\",\"item\":\"https:\/\/elcharrito.bcardmexico.com\/\"},{\"@type\":\"ListItem\",\"position\":2,\"name\":\"Tienda\",\"item\":\"https:\/\/elcharrito.bcardmexico.com\/index.php\/shop\/\"},{\"@type\":\"ListItem\",\"position\":3,\"name\":\"Cerveza Clara Corona Mega Botella 1.20 L\"}]},{\"@type\":\"WebSite\",\"@id\":\"https:\/\/elcharrito.bcardmexico.com\/#website\",\"url\":\"https:\/\/elcharrito.bcardmexico.com\/\",\"name\":\"El Charrito\",\"description\":\"Cerca de ti\",\"publisher\":{\"@id\":\"https:\/\/elcharrito.bcardmexico.com\/#organization\"},\"alternateName\":\"El charrito\",\"potentialAction\":[{\"@type\":\"SearchAction\",\"target\":{\"@type\":\"EntryPoint\",\"urlTemplate\":\"https:\/\/elcharrito.bcardmexico.com\/?s={search_term_string}\"},\"query-input\":{\"@type\":\"PropertyValueSpecification\",\"valueRequired\":true,\"valueName\":\"search_term_string\"}}],\"inLanguage\":\"es\"},{\"@type\":\"Organization\",\"@id\":\"https:\/\/elcharrito.bcardmexico.com\/#organization\",\"name\":\"El Charrito\",\"url\":\"https:\/\/elcharrito.bcardmexico.com\/\",\"logo\":{\"@type\":\"ImageObject\",\"inLanguage\":\"es\",\"@id\":\"https:\/\/elcharrito.bcardmexico.com\/#\/schema\/logo\/image\/\",\"url\":\"https:\/\/elcharrito.bcardmexico.com\/wp-content\/uploads\/2022\/06\/Logo-cars-2x.png\",\"contentUrl\":\"https:\/\/elcharrito.bcardmexico.com\/wp-content\/uploads\/2022\/06\/Logo-cars-2x.png\",\"width\":355,\"height\":130,\"caption\":\"El Charrito\"},\"image\":{\"@id\":\"https:\/\/elcharrito.bcardmexico.com\/#\/schema\/logo\/image\/\"}}]}<\/script>\n<!-- \/ Yoast SEO Premium plugin. -->","yoast_head_json":{"title":"Cerveza Clara Corona Mega Botella 1.20 L - El charrito","robots":{"index":"index","follow":"follow","max-snippet":"max-snippet:-1","max-image-preview":"max-image-preview:large","max-video-preview":"max-video-preview:-1"},"canonical":"https:\/\/elcharrito.bcardmexico.com\/index.php\/product\/cerveza-clara-corona-mega-botella-1-20-l\/","og_locale":"es_MX","og_type":"article","og_title":"Cerveza Clara Corona Mega Botella 1.20 L","og_description":"Corona Extra es la cerveza mexicana con mayor venta en el mundo. Considerada una de las marcas m\u00e1s valiosas del planeta Corona Extra se enfoca en dar una sensaci\u00f3n de frescura y relajaci\u00f3n a sus consumidores.  *La venta de bebidas alcoh\u00f3licas es \u00fanicamente para mayores de edad, se deber\u00e1 presentar identificaci\u00f3n oficial vigente (INE, pasaporte o licencia).  Las im\u00e1genes son \u00fanicamente de referencia, los dise\u00f1os de etiquetas y contenido del producto pueden cambiar sin previo aviso (ml, L, Kg, g, piezas, etc).","og_url":"https:\/\/elcharrito.bcardmexico.com\/index.php\/product\/cerveza-clara-corona-mega-botella-1-20-l\/","og_site_name":"El charrito","article_modified_time":"2026-02-10T16:57:49+00:00","og_image":[{"width":1080,"height":1080,"url":"https:\/\/elcharrito.bcardmexico.com\/wp-content\/uploads\/2026\/02\/corona-mega.jpg","type":"image\/jpeg"}],"twitter_card":"summary_large_image","twitter_misc":{"Tiempo de lectura":"1 minuto"},"schema":{"@context":"https:\/\/schema.org","@graph":[{"@type":"WebPage","@id":"https:\/\/elcharrito.bcardmexico.com\/index.php\/product\/cerveza-clara-corona-mega-botella-1-20-l\/","url":"https:\/\/elcharrito.bcardmexico.com\/index.php\/product\/cerveza-clara-corona-mega-botella-1-20-l\/","name":"Cerveza Clara Corona Mega Botella 1.20 L - El charrito","isPartOf":{"@id":"https:\/\/elcharrito.bcardmexico.com\/#website"},"primaryImageOfPage":{"@id":"https:\/\/elcharrito.bcardmexico.com\/index.php\/product\/cerveza-clara-corona-mega-botella-1-20-l\/#primaryimage"},"image":{"@id":"https:\/\/elcharrito.bcardmexico.com\/index.php\/product\/cerveza-clara-corona-mega-botella-1-20-l\/#primaryimage"},"thumbnailUrl":"https:\/\/elcharrito.bcardmexico.com\/wp-content\/uploads\/2026\/02\/corona-mega.jpg","datePublished":"2026-02-10T16:57:48+00:00","dateModified":"2026-02-10T16:57:49+00:00","breadcrumb":{"@id":"https:\/\/elcharrito.bcardmexico.com\/index.php\/product\/cerveza-clara-corona-mega-botella-1-20-l\/#breadcrumb"},"inLanguage":"es","potentialAction":[{"@type":"ReadAction","target":["https:\/\/elcharrito.bcardmexico.com\/index.php\/product\/cerveza-clara-corona-mega-botella-1-20-l\/"]}]},{"@type":"ImageObject","inLanguage":"es","@id":"https:\/\/elcharrito.bcardmexico.com\/index.php\/product\/cerveza-clara-corona-mega-botella-1-20-l\/#primaryimage","url":"https:\/\/elcharrito.bcardmexico.com\/wp-content\/uploads\/2026\/02\/corona-mega.jpg","contentUrl":"https:\/\/elcharrito.bcardmexico.com\/wp-content\/uploads\/2026\/02\/corona-mega.jpg","width":1080,"height":1080},{"@type":"BreadcrumbList","@id":"https:\/\/elcharrito.bcardmexico.com\/index.php\/product\/cerveza-clara-corona-mega-botella-1-20-l\/#breadcrumb","itemListElement":[{"@type":"ListItem","position":1,"name":"Inicio","item":"https:\/\/elcharrito.bcardmexico.com\/"},{"@type":"ListItem","position":2,"name":"Tienda","item":"https:\/\/elcharrito.bcardmexico.com\/index.php\/shop\/"},{"@type":"ListItem","position":3,"name":"Cerveza Clara Corona Mega Botella 1.20 L"}]},{"@type":"WebSite","@id":"https:\/\/elcharrito.bcardmexico.com\/#website","url":"https:\/\/elcharrito.bcardmexico.com\/","name":"El Charrito","description":"Cerca de ti","publisher":{"@id":"https:\/\/elcharrito.bcardmexico.com\/#organization"},"alternateName":"El charrito","potentialAction":[{"@type":"SearchAction","target":{"@type":"EntryPoint","urlTemplate":"https:\/\/elcharrito.bcardmexico.com\/?s={search_term_string}"},"query-input":{"@type":"PropertyValueSpecification","valueRequired":true,"valueName":"search_term_string"}}],"inLanguage":"es"},{"@type":"Organization","@id":"https:\/\/elcharrito.bcardmexico.com\/#organization","name":"El Charrito","url":"https:\/\/elcharrito.bcardmexico.com\/","logo":{"@type":"ImageObject","inLanguage":"es","@id":"https:\/\/elcharrito.bcardmexico.com\/#\/schema\/logo\/image\/","url":"https:\/\/elcharrito.bcardmexico.com\/wp-content\/uploads\/2022\/06\/Logo-cars-2x.png","contentUrl":"https:\/\/elcharrito.bcardmexico.com\/wp-content\/uploads\/2022\/06\/Logo-cars-2x.png","width":355,"height":130,"caption":"El Charrito"},"image":{"@id":"https:\/\/elcharrito.bcardmexico.com\/#\/schema\/logo\/image\/"}}]}},"_links":{"self":[{"href":"https:\/\/elcharrito.bcardmexico.com\/index.php\/wp-json\/wp\/v2\/product\/1737","targetHints":{"allow":["GET"]}}],"collection":[{"href":"https:\/\/elcharrito.bcardmexico.com\/index.php\/wp-json\/wp\/v2\/product"}],"about":[{"href":"https:\/\/elcharrito.bcardmexico.com\/index.php\/wp-json\/wp\/v2\/types\/product"}],"replies":[{"embeddable":true,"href":"https:\/\/elcharrito.bcardmexico.com\/index.php\/wp-json\/wp\/v2\/comments?post=1737"}],"version-history":[{"count":1,"href":"https:\/\/elcharrito.bcardmexico.com\/index.php\/wp-json\/wp\/v2\/product\/1737\/revisions"}],"predecessor-version":[{"id":1739,"href":"https:\/\/elcharrito.bcardmexico.com\/index.php\/wp-json\/wp\/v2\/product\/1737\/revisions\/1739"}],"wp:featuredmedia":[{"embeddable":true,"href":"https:\/\/elcharrito.bcardmexico.com\/index.php\/wp-json\/wp\/v2\/media\/1738"}],"wp:attachment":[{"href":"https:\/\/elcharrito.bcardmexico.com\/index.php\/wp-json\/wp\/v2\/media?parent=1737"}],"wp:term":[{"taxonomy":"brand","embeddable":true,"href":"https:\/\/elcharrito.bcardmexico.com\/index.php\/wp-json\/wp\/v2\/etheme_brands?post=1737"},{"taxonomy":"product_brand","embeddable":true,"href":"https:\/\/elcharrito.bcardmexico.com\/index.php\/wp-json\/wp\/v2\/product_brand?post=1737"},{"taxonomy":"product_cat","embeddable":true,"href":"https:\/\/elcharrito.bcardmexico.com\/index.php\/wp-json\/wp\/v2\/product_cat?post=1737"},{"taxonomy":"product_tag","embeddable":true,"href":"https:\/\/elcharrito.bcardmexico.com\/index.php\/wp-json\/wp\/v2\/product_tag?post=1737"}],"curies":[{"name":"wp","href":"https:\/\/api.w.org\/{rel}","templated":true}]}}