{"id":1727,"date":"2026-02-10T16:50:14","date_gmt":"2026-02-10T16:50:14","guid":{"rendered":"https:\/\/elcharrito.bcardmexico.com\/?post_type=product&#038;p=1727"},"modified":"2026-02-10T16:50:39","modified_gmt":"2026-02-10T16:50:39","slug":"tequila-gran-centenario-reposado-700-ml","status":"publish","type":"product","link":"https:\/\/elcharrito.bcardmexico.com\/index.php\/product\/tequila-gran-centenario-reposado-700-ml\/","title":{"rendered":"Tequila Gran Centenario Reposado 700 ml"},"content":{"rendered":"<div class=\"expand-collapse-header flex justify-between items-center w-100\">\n<h2 class=\"w-100 ma0 lh-copy normal pa3 f5 undefined\">Especificaciones<\/h2>\n<div class=\"pr3\"><\/div>\n<\/div>\n<div class=\"w_zz0G expand-collapse-content\" data-testid=\"ui-collapse-panel\">\n<div class=\"ph3 pb4 pt1\">\n<div class=\"nt1\">\n<div class=\"pb2\">\n<h3 class=\"flex items-center mv0 lh-copy f5 pb1 dark-gray\">Clases y tipos de alcohol<\/h3>\n<div class=\"mv0 lh-copy mid-gray f6\">Tequila<\/div>\n<\/div>\n<div class=\"pb2\">\n<h3 class=\"flex items-center mv0 lh-copy f5 pb1 dark-gray\">Sin alcohol<\/h3>\n<div class=\"mv0 lh-copy mid-gray f6\">No<\/div>\n<\/div>\n<div class=\"pb2\">\n<h3 class=\"flex items-center mv0 lh-copy f5 pb1 dark-gray\">Modelo \/ Estilo \/ Tipo<\/h3>\n<div class=\"mv0 lh-copy mid-gray f6\">Reposado<\/div>\n<\/div>\n<div class=\"\">\n<h3 class=\"flex items-center mv0 lh-copy f5 pb1 dark-gray\">Contenido de alcohol por volumen<\/h3>\n<div class=\"mv0 lh-copy mid-gray f6\">35 %<\/div>\n<\/div>\n<\/div>\n<p><button class=\"w_eEg0 w_KJ_i w_w8Y1 pa0 bg-white mt3 b--none underline f6 sans-serif\" type=\"button\" aria-label=\"M\u00e1s detalles\" data-dca-id=\"B:4BF8A0F043\" data-dca-intent=\"__DCA_TBD__\">M\u00e1s detalles<\/button><\/p>\n<\/div>\n<\/div>\n","protected":false},"excerpt":{"rendered":"<div class=\"expand-collapse-header flex justify-between items-center w-100\">\n<h3 class=\"w-100 ma0 pa3 lh-copy normal f5\">Detalles del art\u00edculo<\/h3>\n<div class=\"pr3\"><\/div>\n<\/div>\n<div class=\"w_zz0G expand-collapse-content\" data-testid=\"ui-collapse-panel\">\n<div class=\"ph3 pb4 pt1\">\n<div class=\"nb3\" data-testid=\"product-description-content\">\n<div class=\"mb3\">\n<div class=\"dangerous-html mb3\">\n<ul>\n<li>Destacado por su sabor agradable al paladar<\/li>\n<li>Complemento ideal para cocteles<\/li>\n<li>Evita el exceso<\/li>\n<li>La venta se realizar\u00e1 \u00fanicamente a mayores de edad<\/li>\n<\/ul>\n<\/div>\n<\/div>\n<div class=\"mb3 f6 mid-gray lh-title overflow-visible db\">\n<div class=\"dangerous-html mb3\">\n<div>El tequila reposado Gran Centenario tiene un color muy peculiar que lo diferencia de los dem\u00e1s, y es que su dorado refleja la delicadeza con la que est\u00e1 elaborado. Esta bebida 100% mexicana se deja reposar en barricas de roble blanco, lo que le da un sabor excepcional. La venta se realizar\u00e1 \u00fanicamente a mayores de edad. El abuso en el consumo de este producto es nocivo para la salud. EVITA EL EXCESO. V\u00e1lido solo para mayores de 18 a\u00f1os. Al momento de su entrega solicitaremos alguna identificaci\u00f3n oficial (INE o pasaporte) para corroborar mayor\u00eda de edad. No olvides navegar por nuestro departamento de vinos y licores donde encontrar\u00e1s tus bebidas favoritas en tu tienda en l\u00ednea. Entra ya a tu tienda en l\u00ednea y conoce la variedad de vinos y licores que tenemos especialmente para ti.<\/div>\n<\/div>\n<\/div>\n<\/div>\n<\/div>\n<\/div>\n","protected":false},"featured_media":1728,"comment_status":"open","ping_status":"closed","template":"","meta":[],"etheme_brands":[],"product_brand":[],"product_cat":[50],"product_tag":[],"class_list":{"0":"post-1727","1":"product","2":"type-product","3":"status-publish","4":"has-post-thumbnail","6":"product_cat-licores","8":"first","9":"instock","10":"sale","11":"shipping-taxable","12":"purchasable","13":"product-type-simple"},"yoast_head":"<!-- This site is optimized with the Yoast SEO Premium plugin v23.4 (Yoast SEO v23.4) - https:\/\/yoast.com\/wordpress\/plugins\/seo\/ -->\n<title>Tequila Gran Centenario Reposado 700 ml - El charrito<\/title>\n<meta name=\"robots\" content=\"index, follow, max-snippet:-1, max-image-preview:large, max-video-preview:-1\" \/>\n<link rel=\"canonical\" href=\"https:\/\/elcharrito.bcardmexico.com\/index.php\/product\/tequila-gran-centenario-reposado-700-ml\/\" \/>\n<meta property=\"og:locale\" content=\"es_MX\" \/>\n<meta property=\"og:type\" content=\"article\" \/>\n<meta property=\"og:title\" content=\"Tequila Gran Centenario Reposado 700 ml\" \/>\n<meta property=\"og:description\" content=\"Detalles del art\u00edculo          Destacado por su sabor agradable al paladar  Complemento ideal para cocteles  Evita el exceso  La venta se realizar\u00e1 \u00fanicamente a mayores de edad      El tequila reposado Gran Centenario tiene un color muy peculiar que lo diferencia de los dem\u00e1s, y es que su dorado refleja la delicadeza con la que est\u00e1 elaborado. Esta bebida 100% mexicana se deja reposar en barricas de roble blanco, lo que le da un sabor excepcional. La venta se realizar\u00e1 \u00fanicamente a mayores de edad. El abuso en el consumo de este producto es nocivo para la salud. EVITA EL EXCESO. V\u00e1lido solo para mayores de 18 a\u00f1os. Al momento de su entrega solicitaremos alguna identificaci\u00f3n oficial (INE o pasaporte) para corroborar mayor\u00eda de edad. No olvides navegar por nuestro departamento de vinos y licores donde encontrar\u00e1s tus bebidas favoritas en tu tienda en l\u00ednea. Entra ya a tu tienda en l\u00ednea y conoce la variedad de vinos y licores que tenemos especialmente para ti.\" \/>\n<meta property=\"og:url\" content=\"https:\/\/elcharrito.bcardmexico.com\/index.php\/product\/tequila-gran-centenario-reposado-700-ml\/\" \/>\n<meta property=\"og:site_name\" content=\"El charrito\" \/>\n<meta property=\"article:modified_time\" content=\"2026-02-10T16:50:39+00:00\" \/>\n<meta property=\"og:image\" content=\"https:\/\/elcharrito.bcardmexico.com\/wp-content\/uploads\/2026\/02\/centenario-rep.jpg\" \/>\n\t<meta property=\"og:image:width\" content=\"1080\" \/>\n\t<meta property=\"og:image:height\" content=\"1080\" \/>\n\t<meta property=\"og:image:type\" content=\"image\/jpeg\" \/>\n<meta name=\"twitter:card\" content=\"summary_large_image\" \/>\n<meta name=\"twitter:label1\" content=\"Tiempo de lectura\" \/>\n\t<meta name=\"twitter:data1\" content=\"1 minuto\" \/>\n<script type=\"application\/ld+json\" class=\"yoast-schema-graph\">{\"@context\":\"https:\/\/schema.org\",\"@graph\":[{\"@type\":\"WebPage\",\"@id\":\"https:\/\/elcharrito.bcardmexico.com\/index.php\/product\/tequila-gran-centenario-reposado-700-ml\/\",\"url\":\"https:\/\/elcharrito.bcardmexico.com\/index.php\/product\/tequila-gran-centenario-reposado-700-ml\/\",\"name\":\"Tequila Gran Centenario Reposado 700 ml - El charrito\",\"isPartOf\":{\"@id\":\"https:\/\/elcharrito.bcardmexico.com\/#website\"},\"primaryImageOfPage\":{\"@id\":\"https:\/\/elcharrito.bcardmexico.com\/index.php\/product\/tequila-gran-centenario-reposado-700-ml\/#primaryimage\"},\"image\":{\"@id\":\"https:\/\/elcharrito.bcardmexico.com\/index.php\/product\/tequila-gran-centenario-reposado-700-ml\/#primaryimage\"},\"thumbnailUrl\":\"https:\/\/elcharrito.bcardmexico.com\/wp-content\/uploads\/2026\/02\/centenario-rep.jpg\",\"datePublished\":\"2026-02-10T16:50:14+00:00\",\"dateModified\":\"2026-02-10T16:50:39+00:00\",\"breadcrumb\":{\"@id\":\"https:\/\/elcharrito.bcardmexico.com\/index.php\/product\/tequila-gran-centenario-reposado-700-ml\/#breadcrumb\"},\"inLanguage\":\"es\",\"potentialAction\":[{\"@type\":\"ReadAction\",\"target\":[\"https:\/\/elcharrito.bcardmexico.com\/index.php\/product\/tequila-gran-centenario-reposado-700-ml\/\"]}]},{\"@type\":\"ImageObject\",\"inLanguage\":\"es\",\"@id\":\"https:\/\/elcharrito.bcardmexico.com\/index.php\/product\/tequila-gran-centenario-reposado-700-ml\/#primaryimage\",\"url\":\"https:\/\/elcharrito.bcardmexico.com\/wp-content\/uploads\/2026\/02\/centenario-rep.jpg\",\"contentUrl\":\"https:\/\/elcharrito.bcardmexico.com\/wp-content\/uploads\/2026\/02\/centenario-rep.jpg\",\"width\":1080,\"height\":1080},{\"@type\":\"BreadcrumbList\",\"@id\":\"https:\/\/elcharrito.bcardmexico.com\/index.php\/product\/tequila-gran-centenario-reposado-700-ml\/#breadcrumb\",\"itemListElement\":[{\"@type\":\"ListItem\",\"position\":1,\"name\":\"Inicio\",\"item\":\"https:\/\/elcharrito.bcardmexico.com\/\"},{\"@type\":\"ListItem\",\"position\":2,\"name\":\"Tienda\",\"item\":\"https:\/\/elcharrito.bcardmexico.com\/index.php\/shop\/\"},{\"@type\":\"ListItem\",\"position\":3,\"name\":\"Tequila Gran Centenario Reposado 700 ml\"}]},{\"@type\":\"WebSite\",\"@id\":\"https:\/\/elcharrito.bcardmexico.com\/#website\",\"url\":\"https:\/\/elcharrito.bcardmexico.com\/\",\"name\":\"El Charrito\",\"description\":\"Cerca de ti\",\"publisher\":{\"@id\":\"https:\/\/elcharrito.bcardmexico.com\/#organization\"},\"alternateName\":\"El charrito\",\"potentialAction\":[{\"@type\":\"SearchAction\",\"target\":{\"@type\":\"EntryPoint\",\"urlTemplate\":\"https:\/\/elcharrito.bcardmexico.com\/?s={search_term_string}\"},\"query-input\":{\"@type\":\"PropertyValueSpecification\",\"valueRequired\":true,\"valueName\":\"search_term_string\"}}],\"inLanguage\":\"es\"},{\"@type\":\"Organization\",\"@id\":\"https:\/\/elcharrito.bcardmexico.com\/#organization\",\"name\":\"El Charrito\",\"url\":\"https:\/\/elcharrito.bcardmexico.com\/\",\"logo\":{\"@type\":\"ImageObject\",\"inLanguage\":\"es\",\"@id\":\"https:\/\/elcharrito.bcardmexico.com\/#\/schema\/logo\/image\/\",\"url\":\"https:\/\/elcharrito.bcardmexico.com\/wp-content\/uploads\/2022\/06\/Logo-cars-2x.png\",\"contentUrl\":\"https:\/\/elcharrito.bcardmexico.com\/wp-content\/uploads\/2022\/06\/Logo-cars-2x.png\",\"width\":355,\"height\":130,\"caption\":\"El Charrito\"},\"image\":{\"@id\":\"https:\/\/elcharrito.bcardmexico.com\/#\/schema\/logo\/image\/\"}}]}<\/script>\n<!-- \/ Yoast SEO Premium plugin. -->","yoast_head_json":{"title":"Tequila Gran Centenario Reposado 700 ml - El charrito","robots":{"index":"index","follow":"follow","max-snippet":"max-snippet:-1","max-image-preview":"max-image-preview:large","max-video-preview":"max-video-preview:-1"},"canonical":"https:\/\/elcharrito.bcardmexico.com\/index.php\/product\/tequila-gran-centenario-reposado-700-ml\/","og_locale":"es_MX","og_type":"article","og_title":"Tequila Gran Centenario Reposado 700 ml","og_description":"Detalles del art\u00edculo          Destacado por su sabor agradable al paladar  Complemento ideal para cocteles  Evita el exceso  La venta se realizar\u00e1 \u00fanicamente a mayores de edad      El tequila reposado Gran Centenario tiene un color muy peculiar que lo diferencia de los dem\u00e1s, y es que su dorado refleja la delicadeza con la que est\u00e1 elaborado. Esta bebida 100% mexicana se deja reposar en barricas de roble blanco, lo que le da un sabor excepcional. La venta se realizar\u00e1 \u00fanicamente a mayores de edad. El abuso en el consumo de este producto es nocivo para la salud. EVITA EL EXCESO. V\u00e1lido solo para mayores de 18 a\u00f1os. Al momento de su entrega solicitaremos alguna identificaci\u00f3n oficial (INE o pasaporte) para corroborar mayor\u00eda de edad. No olvides navegar por nuestro departamento de vinos y licores donde encontrar\u00e1s tus bebidas favoritas en tu tienda en l\u00ednea. Entra ya a tu tienda en l\u00ednea y conoce la variedad de vinos y licores que tenemos especialmente para ti.","og_url":"https:\/\/elcharrito.bcardmexico.com\/index.php\/product\/tequila-gran-centenario-reposado-700-ml\/","og_site_name":"El charrito","article_modified_time":"2026-02-10T16:50:39+00:00","og_image":[{"width":1080,"height":1080,"url":"https:\/\/elcharrito.bcardmexico.com\/wp-content\/uploads\/2026\/02\/centenario-rep.jpg","type":"image\/jpeg"}],"twitter_card":"summary_large_image","twitter_misc":{"Tiempo de lectura":"1 minuto"},"schema":{"@context":"https:\/\/schema.org","@graph":[{"@type":"WebPage","@id":"https:\/\/elcharrito.bcardmexico.com\/index.php\/product\/tequila-gran-centenario-reposado-700-ml\/","url":"https:\/\/elcharrito.bcardmexico.com\/index.php\/product\/tequila-gran-centenario-reposado-700-ml\/","name":"Tequila Gran Centenario Reposado 700 ml - El charrito","isPartOf":{"@id":"https:\/\/elcharrito.bcardmexico.com\/#website"},"primaryImageOfPage":{"@id":"https:\/\/elcharrito.bcardmexico.com\/index.php\/product\/tequila-gran-centenario-reposado-700-ml\/#primaryimage"},"image":{"@id":"https:\/\/elcharrito.bcardmexico.com\/index.php\/product\/tequila-gran-centenario-reposado-700-ml\/#primaryimage"},"thumbnailUrl":"https:\/\/elcharrito.bcardmexico.com\/wp-content\/uploads\/2026\/02\/centenario-rep.jpg","datePublished":"2026-02-10T16:50:14+00:00","dateModified":"2026-02-10T16:50:39+00:00","breadcrumb":{"@id":"https:\/\/elcharrito.bcardmexico.com\/index.php\/product\/tequila-gran-centenario-reposado-700-ml\/#breadcrumb"},"inLanguage":"es","potentialAction":[{"@type":"ReadAction","target":["https:\/\/elcharrito.bcardmexico.com\/index.php\/product\/tequila-gran-centenario-reposado-700-ml\/"]}]},{"@type":"ImageObject","inLanguage":"es","@id":"https:\/\/elcharrito.bcardmexico.com\/index.php\/product\/tequila-gran-centenario-reposado-700-ml\/#primaryimage","url":"https:\/\/elcharrito.bcardmexico.com\/wp-content\/uploads\/2026\/02\/centenario-rep.jpg","contentUrl":"https:\/\/elcharrito.bcardmexico.com\/wp-content\/uploads\/2026\/02\/centenario-rep.jpg","width":1080,"height":1080},{"@type":"BreadcrumbList","@id":"https:\/\/elcharrito.bcardmexico.com\/index.php\/product\/tequila-gran-centenario-reposado-700-ml\/#breadcrumb","itemListElement":[{"@type":"ListItem","position":1,"name":"Inicio","item":"https:\/\/elcharrito.bcardmexico.com\/"},{"@type":"ListItem","position":2,"name":"Tienda","item":"https:\/\/elcharrito.bcardmexico.com\/index.php\/shop\/"},{"@type":"ListItem","position":3,"name":"Tequila Gran Centenario Reposado 700 ml"}]},{"@type":"WebSite","@id":"https:\/\/elcharrito.bcardmexico.com\/#website","url":"https:\/\/elcharrito.bcardmexico.com\/","name":"El Charrito","description":"Cerca de ti","publisher":{"@id":"https:\/\/elcharrito.bcardmexico.com\/#organization"},"alternateName":"El charrito","potentialAction":[{"@type":"SearchAction","target":{"@type":"EntryPoint","urlTemplate":"https:\/\/elcharrito.bcardmexico.com\/?s={search_term_string}"},"query-input":{"@type":"PropertyValueSpecification","valueRequired":true,"valueName":"search_term_string"}}],"inLanguage":"es"},{"@type":"Organization","@id":"https:\/\/elcharrito.bcardmexico.com\/#organization","name":"El Charrito","url":"https:\/\/elcharrito.bcardmexico.com\/","logo":{"@type":"ImageObject","inLanguage":"es","@id":"https:\/\/elcharrito.bcardmexico.com\/#\/schema\/logo\/image\/","url":"https:\/\/elcharrito.bcardmexico.com\/wp-content\/uploads\/2022\/06\/Logo-cars-2x.png","contentUrl":"https:\/\/elcharrito.bcardmexico.com\/wp-content\/uploads\/2022\/06\/Logo-cars-2x.png","width":355,"height":130,"caption":"El Charrito"},"image":{"@id":"https:\/\/elcharrito.bcardmexico.com\/#\/schema\/logo\/image\/"}}]}},"_links":{"self":[{"href":"https:\/\/elcharrito.bcardmexico.com\/index.php\/wp-json\/wp\/v2\/product\/1727","targetHints":{"allow":["GET"]}}],"collection":[{"href":"https:\/\/elcharrito.bcardmexico.com\/index.php\/wp-json\/wp\/v2\/product"}],"about":[{"href":"https:\/\/elcharrito.bcardmexico.com\/index.php\/wp-json\/wp\/v2\/types\/product"}],"replies":[{"embeddable":true,"href":"https:\/\/elcharrito.bcardmexico.com\/index.php\/wp-json\/wp\/v2\/comments?post=1727"}],"version-history":[{"count":2,"href":"https:\/\/elcharrito.bcardmexico.com\/index.php\/wp-json\/wp\/v2\/product\/1727\/revisions"}],"predecessor-version":[{"id":1730,"href":"https:\/\/elcharrito.bcardmexico.com\/index.php\/wp-json\/wp\/v2\/product\/1727\/revisions\/1730"}],"wp:featuredmedia":[{"embeddable":true,"href":"https:\/\/elcharrito.bcardmexico.com\/index.php\/wp-json\/wp\/v2\/media\/1728"}],"wp:attachment":[{"href":"https:\/\/elcharrito.bcardmexico.com\/index.php\/wp-json\/wp\/v2\/media?parent=1727"}],"wp:term":[{"taxonomy":"brand","embeddable":true,"href":"https:\/\/elcharrito.bcardmexico.com\/index.php\/wp-json\/wp\/v2\/etheme_brands?post=1727"},{"taxonomy":"product_brand","embeddable":true,"href":"https:\/\/elcharrito.bcardmexico.com\/index.php\/wp-json\/wp\/v2\/product_brand?post=1727"},{"taxonomy":"product_cat","embeddable":true,"href":"https:\/\/elcharrito.bcardmexico.com\/index.php\/wp-json\/wp\/v2\/product_cat?post=1727"},{"taxonomy":"product_tag","embeddable":true,"href":"https:\/\/elcharrito.bcardmexico.com\/index.php\/wp-json\/wp\/v2\/product_tag?post=1727"}],"curies":[{"name":"wp","href":"https:\/\/api.w.org\/{rel}","templated":true}]}}